{"id":3002,"date":"2021-08-25T10:56:11","date_gmt":"2021-08-25T08:56:11","guid":{"rendered":"https:\/\/circoitalianobonaccini.com\/?page_id=3002"},"modified":"2021-08-26T13:21:04","modified_gmt":"2021-08-26T11:21:04","slug":"politica-de-confidentialitate","status":"publish","type":"page","link":"https:\/\/circoitalianobonaccini.com\/en\/politica-de-confidentialitate\/","title":{"rendered":"Politica de confidentialitate"},"content":{"rendered":"<p class=\"p1\"><span class=\"s1\">Consideram protectia informatiilor ce privesc Utilizatorii website-ului nostru (vizitatori, potenttiali clienti, clienti, numiti In cele ce urmeaza Utilizatori) ca fiind o problema de maxima importanta, astfel inc\u00e2t depunem toate eforturile necesare sa va simtiti in siguranta atunci c\u00e2nd ne oferiti datele dumneavoastra personale prin utilizarea website-ului nostru.<\/span><\/p>\n<p class=\"p1\"><span class=\"s1\">Aceasta Politica de Confidentialitate explica regulile si scopul procesarii datelor dumneavoastra personale, drepturile pe care le aveti si responsabilita\u0163ile noastre ca operator de date cu caracter personal. Aplicam cele mai noi tehnologii si masuri organizatorice pentru a asigura un nivel ridicat de protectie a datelor personale prelucrate si a le proteja impotriva accesului neautorizat.<\/span><\/p>\n<p class=\"p1\"><span class=\"s1\">Aceasta politica de confidentialitate se aplica inclusiv vizitatorilor, potentialilor clienti si clientilor din magazinele traditionale, in masura in care acestora li se colecteaza date cu caracter personal.<\/span><\/p>\n<p class=\"p1\"><span class=\"s1\">Termenii folositi in acest document au acelasi inteles cu cel din Termeni si Conditii de pe website, document cu care se completeaza.<\/span><\/p>\n<p class=\"p1\"><span class=\"s1\">Aceasta Politica de Confidentialitate\u00a0 poate fi imbunatita in orice moment si\/sau acest document sa fie adus la zi. Despre aceasta veti fi notificat printr-un newsletter sau printr-o avertizare la urmatoarea accesare a website-ului nostru. Data si ora ultimei actualizari sunt aratate in finalul documentului.<\/span><\/p>\n<p class=\"p1\"><span class=\"s1\">Prin navigarea pe website si\/sau prin crearea unui Cont si\/sau prin plasarea unei Comenzi si\/sau prin ridicarea si\/sau returnarea de produse intr-un magazin traditional, Vizitatorul, Utilizatorul, Potentialul client, Clientul \u00a0sunt informa\u0163i despre Politica noastra de confidentialitate astfel cum este atestata de acest document.<\/span><\/p>\n<p class=\"p1\"><span class=\"s1\"><b>Scopul prelucrarii:<\/b><\/span><\/p>\n<ul class=\"ul1\">\n<li class=\"li2\"><span class=\"s1\">Prelucram date personale ale Utilizatorilor website-ului in scopul executarii corespunzatoare a contractelor incheiate prin intermediul magazinului\u00a0 online gazduit de site-ul\u00a0<a href=\"https:\/\/www.circoitalianobonaccini.com\/\"><span class=\"s2\">www.circoitalianobonaccini.com<\/span><\/a>\u00a0(denumit\u00a0in\u00a0prezentul document \u00a0\u201cwebsite-ul). Aceasta inseamna ca datele sunt necesare in special pentru:<\/span><\/li>\n<\/ul>\n<p class=\"p1\"><span class=\"s1\">\u2013 inregistrarea pe Website<\/span><\/p>\n<p class=\"p1\"><span class=\"s1\">\u2013 incheierea contractului<\/span><\/p>\n<p class=\"p1\"><span class=\"s1\">\u2013 tranzactii<\/span><\/p>\n<p class=\"p1\"><span class=\"s1\">\u2013 \u00a0exercitarea de catre Utilizator a oricarui drept pe care il are in calitate de consumator (spre ex. desfiintarea contractului, garantia legala).<\/span><\/p>\n<ul class=\"ul1\">\n<li class=\"li2\"><span class=\"s1\">In situatia in care ati decis sa primiti informatii despre produse noi si oferte speciale, procesam datele dumneavoastra in scopul de a va transmite informatii comerciale.<\/span><\/li>\n<\/ul>\n<p class=\"p1\"><span class=\"s1\">\u00a0<\/span><\/p>\n<p class=\"p1\"><span class=\"s1\"><b>Tipul datelor personale procesate:<\/b><\/span><\/p>\n<p class=\"p1\"><span class=\"s1\">Procesam urmatoarele date cu caracter personal, care sunt necesare pentru ca dumneavoastra:<\/span><\/p>\n<p class=\"p1\"><span class=\"s1\">1. Sa va inregistrati pe Website:<\/span><\/p>\n<p class=\"p1\"><span class=\"s1\">\u2013\u00a0\u00a0\u00a0\u00a0\u00a0\u00a0\u00a0\u00a0\u00a0 Numele si prenumele<\/span><\/p>\n<p class=\"p1\"><span class=\"s1\">\u2013\u00a0\u00a0\u00a0\u00a0\u00a0\u00a0\u00a0\u00a0\u00a0 Adresa de e-mail<\/span><\/p>\n<p class=\"p1\"><span class=\"s1\">2. Sa cumparati de pe website:<\/span><\/p>\n<p class=\"p1\"><span class=\"s1\">\u2013\u00a0\u00a0\u00a0\u00a0\u00a0\u00a0\u00a0\u00a0\u00a0 Numele si prenumele<\/span><\/p>\n<p class=\"p1\"><span class=\"s1\">\u2013\u00a0\u00a0\u00a0\u00a0\u00a0\u00a0\u00a0\u00a0\u00a0 Numarul de telefon<\/span><\/p>\n<p class=\"p1\"><span class=\"s1\">\u2013\u00a0\u00a0\u00a0\u00a0\u00a0\u00a0\u00a0\u00a0\u00a0 Adresa de e-mail<\/span><\/p>\n<p class=\"p1\"><span class=\"s1\">3. Date furnizate de Utilizator optional in cazul in care un comerciant solicita o factura:<\/span><\/p>\n<p class=\"p1\"><span class=\"s1\">\u2013\u00a0\u00a0\u00a0\u00a0\u00a0\u00a0\u00a0\u00a0\u00a0 Nume companie<\/span><\/p>\n<p class=\"p1\"><span class=\"s1\">\u2013\u00a0\u00a0\u00a0\u00a0\u00a0\u00a0\u00a0\u00a0\u00a0 CIF<\/span><\/p>\n<p class=\"p1\"><span class=\"s1\">\u2013\u00a0 \u00a0 \u00a0 \u00a0 \u00a0 Nr. inregistrare Registrul Comertului<\/span><\/p>\n<p class=\"p1\"><span class=\"s1\">\u2013\u00a0 \u00a0 \u00a0 \u00a0 \u00a0\u00a0Cont bancar<\/span><\/p>\n<p class=\"p1\"><span class=\"s1\">\u2013\u00a0 \u00a0 \u00a0 \u00a0 \u00a0 Nume banca<\/span><\/p>\n<p class=\"p1\"><span class=\"s1\">4. In cazul in care desfiintati un contract sau ne este adusa la cunostinta o pl\u00e2ngere, iar rambursarea catre dumneavoastra a sumelor achitate se face direct in contul dumneavoastra bancar, procesam de asemenea numarul contului bancar, astfel inc\u00e2t sa putem realiza rambursarea.<\/span><\/p>\n<p class=\"p1\"><span class=\"s1\">\u00a0<\/span><\/p>\n<p class=\"p1\"><span class=\"s1\"><b>Temeiul legal al prelucrarii<\/b><\/span><\/p>\n<p class=\"p1\"><span class=\"s1\">Datele cu caracter personal sunt procesate in conformitate cu Regulamentul nr. 2016\/679 al Parlamentului European si Comisiei Europene (EU) din 27 aprilie 2016.<\/span><\/p>\n<p class=\"p1\"><span class=\"s1\">Procesam datele dumneavoastra pe baza consimtam\u00e2ntului exprimat la momentul inregistrarii pe website si la momentul confirmarii tranzactiilor efectuate pe website.<\/span><\/p>\n<p class=\"p1\"><span class=\"s1\">Consimtamantul dumneavoastra cu privire la procesarea datelor personale ce va apartin este voluntar. Cu toate acestea, in cazul in care refuzati sa va exprimati acest consimtamant, va deveni imposibila inregistrarea dumneavoastra si cumpararea prin intermediul website-ului.<\/span><\/p>\n<p class=\"p1\"><span class=\"s1\">In ceea ce priveste prelucrarea datelor dumneavoastra cu caracter personal, aveti urmatoarele drepturi:<\/span><\/p>\n<ol class=\"ol1\">\n<li class=\"li2\"><span class=\"s1\">Sa va retrageti consimtamantul in orice moment, fara a invoca vreun motiv. Solicitarea poate viza un anumit scop al procesarii, spre exemplu va retrageti consimtam\u00e2ntul de a primi informatii comerciale, sau poate viza toate scopurile procesarii. in cazul in care consimtam\u00e2ntul este retras pentru toate scopurile procesarii, Contul dumneavoastra de Utilizator\u00a0 de pe website va fi sters si datele dumneavoastra nu vor mai fi prelucrate de catre noi, cu exceptia cazului in care prelucrarea este bazata pe un alt temei, cum ar fi: necesitatea executarii unui pre-contract sau contract la care sunteti parte, necesitatea respectarii de catre noi a unei obligatii legale; un interes legitim invocat de noi. Retragerea consimtam\u00e2ntului nu va afecta nicio activitate realizata anterior.<\/span><\/li>\n<li class=\"li2\"><span class=\"s1\">Puteti solicita oric\u00e2nd stergerea datelor dumneavoastra,\u00a0 fara a invoca vreun motiv. O solicitare de stergere a datelor nu va afecta activitatile realizate anterior acesteia. stergerea datelor inseamna ca vom sterge Contul dumneavoastra de Utilizator de pe website \u015fi ca datele dumneavoastra nu vor mai fi procesate de catre noi.<\/span><\/li>\n<li class=\"li2\"><span class=\"s1\">Puteti oric\u00e2nd sa va opuneti prelucrarii datelor cu privire la toate sau doar o parte din scopurile prelucrarii. Aceasta opozitie nu va afecta nicio activitate realizata anterior acelui moment. Opozitia inseamna ca vom sterge Contul dumneavoastra de Utilizator de pe website \u015fi ca datele dumneavoastra nu vor mai fi procesate de catre noi.<\/span><\/li>\n<li class=\"li2\"><span class=\"s1\">Puteti solicita restrictionarea prelucrarii datelor in ceea ce prive\u0219te durata sau scopul prelucrarii. Vom proceda cum doriti. Aceasta solicitare nu va afecta nicio activitate realizata anterior acelui moment \u015fi vom pastra datele doar in scopul stocarii \u0219i pentru constatarea, exercitarea sau apararea unei pretentii legale.<\/span><\/li>\n<li class=\"li2\"><span class=\"s1\">In cazul in care sunt inexacte ori incomplete, puteti in orice moment sa ne solicitati corectarea sau rectificarea fara int\u00e2rzieri nejustificate a datelor dumneavoastra personale. Puteti de asemenea realiza chiar dumneavoastra in\u0219iva aceasta, indata ce va inregistrati\/logati pe website folosind c\u00e2mpul DATELE MELE de pe website.<\/span><\/li>\n<li class=\"li2\"><span class=\"s1\">Cu indeplinirea anumitor conditii, puteti sa ne solicitati transferul oricareia dintre datele dumneavoastra \u00a0aflate in posesia noastra catre dumneavoastra in\u0219iva (intr-un format structurat, utilizat in mod curent \u0219i care poate fi citit automat) sau catre o alta parte, la alegerea dumneavoastra. in acest scop ne veti contacta prin intermediul formularului de contact, indic\u00e2nd numele \u0219i adresa entitatii catre care ne solicitati transferul si scopul \u2013 respectiv care dintre datele dumneavoastra sa fie transferate. Transferul va avea loc automat pe cale electronica indata ce confirmati solicitarea. Confirmarea solicitarii ne este necesara in vederea asigurarii securitatii datelor \u015fi a ne convinge ca solicitarea parvine de la o persoana autorizata.<\/span><\/li>\n<li class=\"li2\"><span class=\"s1\">Ne puteti solicita in orice moment sa va confirmam daca va procesam sau nu datele personale, iar in caz afirmativ sa va dam acces la aceste date \u0219i sa va \u00a0furnizam informatii \u0219i detalii cu privire la procesarea datelor dumneavoastra personale, cum ar fi: datele prelucrate, scopul prelucrarii, destinatarii carora datele le-au fost sau urmeaza a le fi dezvaluite, perioada de stocare (ori de c\u00e2te ori este posbil).<\/span><\/li>\n<li class=\"li2\"><span class=\"s1\">In cazul unei decizii bazate doar pe procesarea automatizata, inclusiv al elaborarii de profiluri, care produce efecte juridice asupra persoanei dumneavoastra, aveti dreptul de a obtine interventia umana, de a va exprima punctul de vedere, de a primi o explicatie pentru decizia automata \u0219i de a contesta respectiva decizie.<\/span><\/li>\n<li class=\"li2\"><span class=\"s1\">Aveti dreptul de a va adresa cu o pl\u00e2ngere autoritatii de supraveghere a prelucrarii datelor. in Rom\u00e2nia aceasta autoritate de supraveghere este AUTORITATEA NA\u0162IONALa DE SUPRAVEGHERE A PRELUCRaRII DATELOR CU CARACTER PERSONAL.<\/span><\/li>\n<\/ol>\n<p class=\"p1\"><span class=\"s1\">Drepturile aratate mai sus pot fi exercitate in anumite circumstante sau pot fi supuse anumitor conditii, excluderi sau exceptii astfel cum se specifica in legislatia privind protectia datelor aplicabila.<\/span><\/p>\n<p class=\"p1\"><span class=\"s1\">Avem obligatia de a va informa nu mai t\u00e2rziu de o luna de la primirea fiecarei astfel de solicitari cu privire la actiunile pe care le-am intreprins in baza sa.<\/span><\/p>\n<p class=\"p1\"><span class=\"s1\">\u00a0<\/span><\/p>\n<p class=\"p1\"><span class=\"s1\"><b>Durata de pastrare a datelor<\/b><\/span><\/p>\n<p class=\"p1\"><span class=\"s1\">Retinem datele dumneavoastra personale p\u00e2na c\u00e2nd Contul dumneavoastra de Utilizator este sters. Contul dumneavoastra de Utilizator poate fi sters\u00a0 at\u00e2t la cererea dumneavoastra, dar \u0219i ca urmare a retragerii consimtam\u00e2ntului cu privire la procesarea datelor, a obiectiei dumneavoastra cu privire la prelucrarea datelor precum sau in cazul solicitarii stergerii datelor.<\/span><\/p>\n<p class=\"p1\"><span class=\"s1\">Sistemele noastre se vor limita la a retine astfel de informatii de arhiva despre tranzactiile dumneavoastra de care pastrarea datelor este legata, spre exemplu in legatura cu orice pretentie ati putea avea, cum ar fi in legatura cu garantia legala sau in legatura cu prevederi legale care ne sunt obligatorii.<\/span><\/p>\n<p class=\"p1\"><span class=\"s1\"><b>\u00a0<\/b><\/span><\/p>\n<p class=\"p1\"><span class=\"s1\"><b>Comunicarea referitoare la datele cu caracter personal<\/b><\/span><\/p>\n<p class=\"p1\"><span class=\"s1\">Puteti sa ne trimiteti orice notificari sau solicitari in legatura cu datele personale prin folosirea uneia dintre urmatoarele optiuni, la alegerea dumneavoastra:<\/span><\/p>\n<ol class=\"ol1\">\n<li class=\"li3\"><span class=\"s4\">E-mail la:\u00a0<a href=\"mailto:contact@circoitalianobonaccini.com\"><span class=\"s2\">contact@circoitalianobonaccini.com<\/span><\/a><\/span><\/li>\n<li class=\"li2\"><span class=\"s1\">Telefon: +40 799 594 691 | +40 799 594 690<\/span><\/li>\n<li class=\"li2\"><span class=\"s1\">Formularul de contact de pe Website<\/span><\/li>\n<li class=\"li2\"><span class=\"s1\">Prin posta la:<\/span><\/li>\n<\/ol>\n<p class=\"p1\"><span class=\"s1\">Strada Vointei nr. 21, Bucuresti, Sector 5<\/span><\/p>\n<p class=\"p1\"><span class=\"s1\"><b>\u00a0<\/b><\/span><\/p>\n<p class=\"p1\"><span class=\"s1\"><b>Incredin\u0163area procesarii datelor<\/b><\/span><\/p>\n<p class=\"p1\"><span class=\"s1\">Putem incredinta procesarea datelor dumneavoastra personale catre partenerii no\u0219tri contractuali in masura in care este necesar sa efectuam tranzactii.<\/span><\/p>\n<p class=\"p1\"><span class=\"s1\">Datele personale nu vor fi comunicate in niciun caz catre terte parti altfel dec\u00e2t in scopurile mentionate in Prezenta Politica de Confidentialitate; aceasta inseamna inclusiv ca nu vor fi impartasite cu alte entitati pentru transmiterea de catre aceste terte parti de materiale de marketing.<\/span><\/p>\n<p class=\"p1\"><span class=\"s1\">Datele personale ale Utilizatorilor nu vor fi transferate in afara Uniunii Europene.<\/span><\/p>\n<p class=\"p1\"><span class=\"s1\">\u00a0<\/span><\/p>\n<p class=\"p1\"><span class=\"s1\"><b>Informatii Comerciale \u2013 Newsletter<\/b><\/span><\/p>\n<p class=\"p1\"><span class=\"s1\">Puteti sa va abonati la newsletter-ul nostru prin furnizarea adresa de e-mail sau numarul de telefon \u0219i a consimtam\u00e2ntului cu privire la prelucrarea datelor personale in scopul de a primi informatii comerciale si de marketing. Folosim newsletter-ul pentru a va informa despre ultimele spectacole (spre exemplu: spectacole noi, reduceri). Puteti sa va dezabonati de la newsletter oric\u00e2nd prin folosirea link-ului inclus in newsletter sau prin trimiterea unui e-mail la adresa: contact@circoitalianobonaccini.com<\/span><\/p>\n<p class=\"p1\"><span class=\"s1\">\u00a0<\/span><\/p>\n<p class=\"p1\"><span class=\"s1\">\u00a0<\/span><\/p>\n<p class=\"p1\"><span class=\"s1\"><b>Cookies<\/b><\/span><\/p>\n<p class=\"p1\"><span class=\"s1\">Website-ul foloseste cookies. Cookies-urile sunt fisiere de mici dimensiuni \u00a0care permit dispozitivelor folosite pentru navigarea pe internet (spre exemplu: calculator, smartphone) sa salveze informatii specifice cu privire la activitatea pe Website c\u00e2nd respectivul dispozitiv este folosit. Informatiile stocate in cookies sunt folosite, spre exemplu, pentru scopuri de publicitate ori statistice si pentru adaptarea Website-ului nevoilor dumneavoastra specifice. Puteti schimba setarile cookies-urilor in programul de navigare. Daca setarile raman neschimbate cookies-urile vor fi salvate pe dispozitiv. Schimbarea setarilor cookies-urilor poate limita functionalitatea Website-ului.<\/span><\/p>\n<p class=\"p1\"><span class=\"s1\">\u00a0<\/span><\/p>\n<p class=\"p1\"><span class=\"s1\"><b>Declara\u0163ii cu privire la protec\u0163ia datelor de catre\u00a0Google Analytics<\/b><\/span><\/p>\n<p class=\"p1\"><span class=\"s1\">Website-ul nostru folose\u0219te mecanisme de analiza ale serviciilor web ale Google Inc. (\u201dGoogle Inc., 1600 Amphitheatre Parkway, Mountain View, CA 94043, USA \u201c): Google Analytics, Google Double Click \u0219i Google Tag Manger. Google Analytics, Google Double Click and Google Tag Manager Cookies care permit analiza utilizarii website-urilor. Informatiile obtinute prin intermediul cookies-urilor\u00a0 sunt de obicei trimise pe serverul Google din SUA \u0219i arhivate.<\/span><\/p>\n<p class=\"p1\"><span class=\"s1\">Daca functia de transformare a adresei IP in data anonima este pornita pentru acest website, adresa IP a userului este mai intai micsorata de Google. Aceasta prive\u0219te statele membre ale Uniunii Europene \u0219i alte state mentionate in acordul SEE. Numai in cazuri exceptionale adresa IP completa este trimisa pe serverul Google din SUA \u0219i este micsorata acolo. in acest fel, functia de transformare a adresei IP in data anonima va fi activata pe website-ul nostru. La cererea operatorului website-ului, Google va folosi aceasta informatie pentru analiza traficului pe website, intocmirii rapoartelor privind activitatea pe webite \u0219i a altor servicii referitoare la folosirea website-ului si a internetului. Adresa IP transmisa de programul de navigare pe internet al utilizatorului prin intermediul programului Google Analytics nu este stocata impreuna cu alte date Google.<\/span><\/p>\n<p class=\"p1\"><span class=\"s1\">Userul poate bloca salvarea de cookies-uri in programul de navigare pe internet. In acest caz dorim sa subliniem ca folosirea deplina\u00a0 a tuturor functiilor website-ului nu va fi posibila. Dincolo de aceasta, Utilizatorul poate bloca salvarea de date colectate de cookies referitoare la traficul pe site (inclusiv adresa IP) si trimiterea lor catre Google, la fel ca distribuirea acestor date de Google prin descarcarea si instalarea unui plug-in disponibil la urmatorul link:\u00a0 https:\/\/tools.google.com\/dlpage\/gaoptout?hl=en.<\/span><\/p>\n<p class=\"p1\"><span class=\"s1\">\u00a0<\/span><\/p>\n<p class=\"p1\"><span class=\"s1\"><b>Linkuri<\/b><\/span><\/p>\n<p class=\"p1\"><span class=\"s1\">Website-ul poate contine linkuri\/ legaturi catre pagini web apartinand tertilor. Nu \u00a0detinem controlul asupra acestor pagini terte, nu le monitorizam si nu putem fi tinuti raspunzatori pentru protectia datelor efectuata de acesti terti sau de continutul respectivelor pagini.<\/span><\/p>\n<p class=\"p1\"><span class=\"s1\">Ultima actualizare 25 august 2021.<\/span><\/p>\n","protected":false},"excerpt":{"rendered":"<p>Consideram protectia informatiilor ce privesc Utilizatorii website-ului nostru (vizitatori, potenttiali clienti, clienti, numiti In cele ce urmeaza Utilizatori) ca fiind o problema de maxima importanta, astfel inc\u00e2t depunem toate eforturile necesare sa va simtiti in siguranta atunci c\u00e2nd ne oferiti datele dumneavoastra personale prin utilizarea website-ului nostru. Aceasta Politica de Confidentialitate explica regulile si scopul&hellip; <a class=\"more-link\" href=\"https:\/\/circoitalianobonaccini.com\/en\/politica-de-confidentialitate\/\">Continue reading <span class=\"screen-reader-text\">Politica de confidentialitate<\/span><\/a><\/p>\n","protected":false},"author":1,"featured_media":0,"parent":0,"menu_order":0,"comment_status":"closed","ping_status":"closed","template":"","meta":{"footnotes":""},"class_list":["post-3002","page","type-page","status-publish","hentry","entry"],"_links":{"self":[{"href":"https:\/\/circoitalianobonaccini.com\/en\/wp-json\/wp\/v2\/pages\/3002","targetHints":{"allow":["GET"]}}],"collection":[{"href":"https:\/\/circoitalianobonaccini.com\/en\/wp-json\/wp\/v2\/pages"}],"about":[{"href":"https:\/\/circoitalianobonaccini.com\/en\/wp-json\/wp\/v2\/types\/page"}],"author":[{"embeddable":true,"href":"https:\/\/circoitalianobonaccini.com\/en\/wp-json\/wp\/v2\/users\/1"}],"replies":[{"embeddable":true,"href":"https:\/\/circoitalianobonaccini.com\/en\/wp-json\/wp\/v2\/comments?post=3002"}],"version-history":[{"count":6,"href":"https:\/\/circoitalianobonaccini.com\/en\/wp-json\/wp\/v2\/pages\/3002\/revisions"}],"predecessor-version":[{"id":3024,"href":"https:\/\/circoitalianobonaccini.com\/en\/wp-json\/wp\/v2\/pages\/3002\/revisions\/3024"}],"wp:attachment":[{"href":"https:\/\/circoitalianobonaccini.com\/en\/wp-json\/wp\/v2\/media?parent=3002"}],"curies":[{"name":"wp","href":"https:\/\/api.w.org\/{rel}","templated":true}]}}